{"id":758,"date":"2016-06-08T16:11:27","date_gmt":"2016-06-08T14:11:27","guid":{"rendered":"https:\/\/jochgrimm.com\/it\/schneeschuhwandern-in-den-dolomiten\/"},"modified":"2024-07-17T07:05:09","modified_gmt":"2024-07-17T05:05:09","slug":"ciaspolate-fra-le-dolomiti","status":"publish","type":"page","link":"https:\/\/oclini.com\/it\/ciaspolate-fra-le-dolomiti\/","title":{"rendered":"Ciaspolate nella neve"},"content":{"rendered":"<p>Ad ammirare lo scintillio della distesa di neve illuminata dal sole, a seguire le orme lasciate dalla selvaggina sulla candida coltre che ricopre il bosco, a respirare l&#8217;atmosfera dolce e romantica dell&#8217;incantevole paesaggio invernale. Muoversi sulla neve con le racchette ai piedi \u00e8 un&#8217;esperienza a stretto contatto con la natura, un lusso riservato a chi ama la quiete e il silenzio.<\/p>\n<p>La distesa di alpeggi che si susseguono a Oclini, attraversata da un fitto reticolo di sentieri, offre d&#8217;inverno le condizioni ideali per compiere meravigliose passeggiate nella neve, prestandosi alle imprese sportive pi\u00f9 impegnative come ai primi tentativi degli inesperti. Su sentieri segnati o nella neve fonda a contatto con la natura pi\u00f9 autentica: le possibilit\u00e0 di escursione con le ciaspole ai piedi sono davvero tantissime.<\/p>\n<p>Ciaspole e bastoni sono disponibili all&#8217;occorrenza anche presso il centro noleggio sci.<\/p>\n","protected":false},"excerpt":{"rendered":"<p>Ad ammirare lo scintillio della distesa di neve illuminata dal sole, a seguire le orme lasciate dalla selvaggina sulla candida coltre che ricopre il bosco, a respirare l&#8217;atmosfera dolce e romantica dell&#8217;incantevole paesaggio invernale. Muoversi sulla neve con le racchette ai piedi \u00e8 un&#8217;esperienza a stretto contatto con la natura, un lusso riservato a chi [&hellip;]<\/p>\n","protected":false},"author":1,"featured_media":675,"parent":0,"menu_order":0,"comment_status":"closed","ping_status":"closed","template":"template-schneeschuwandern-single.php","meta":{"_acf_changed":false,"jetpack_post_was_ever_published":false,"footnotes":""},"class_list":["post-758","page","type-page","status-publish","has-post-thumbnail","hentry"],"acf":[],"yoast_head":"<!-- This site is optimized with the Yoast SEO plugin v26.5 - https:\/\/yoast.com\/wordpress\/plugins\/seo\/ -->\n<title>Ciaspolate fra le Dolomiti in vacanza fra le Dolomiti<\/title>\n<meta name=\"description\" content=\"Ciaspolate fra le Dolomiti. Ciaspolate in vacanza. Ciaspolate in paesaggi invernali da favola. Ciaspolate in vacanza dell&#039;Alto Adige e del Trentino\" \/>\n<meta name=\"robots\" content=\"index, follow, max-snippet:-1, max-image-preview:large, max-video-preview:-1\" \/>\n<link rel=\"canonical\" href=\"https:\/\/oclini.com\/it\/ciaspolate-fra-le-dolomiti\/\" \/>\n<meta property=\"og:locale\" content=\"it_IT\" \/>\n<meta property=\"og:type\" content=\"article\" \/>\n<meta property=\"og:title\" content=\"Ciaspolate fra le Dolomiti in vacanza fra le Dolomiti\" \/>\n<meta property=\"og:description\" content=\"Ciaspolate fra le Dolomiti. Ciaspolate in vacanza. Ciaspolate in paesaggi invernali da favola. Ciaspolate in vacanza dell&#039;Alto Adige e del Trentino\" \/>\n<meta property=\"og:url\" content=\"https:\/\/oclini.com\/it\/ciaspolate-fra-le-dolomiti\/\" \/>\n<meta property=\"og:site_name\" content=\"jochgrimm.com\" \/>\n<meta property=\"article:modified_time\" content=\"2024-07-17T05:05:09+00:00\" \/>\n<meta property=\"og:image\" content=\"https:\/\/oclini.com\/wp-content\/uploads\/2016\/09\/044.jpg\" \/>\n\t<meta property=\"og:image:width\" content=\"1344\" \/>\n\t<meta property=\"og:image:height\" content=\"760\" \/>\n\t<meta property=\"og:image:type\" content=\"image\/jpeg\" \/>\n<meta name=\"twitter:card\" content=\"summary_large_image\" \/>\n<meta name=\"twitter:label1\" content=\"Tempo di lettura stimato\" \/>\n\t<meta name=\"twitter:data1\" content=\"1 minuto\" \/>\n<script type=\"application\/ld+json\" class=\"yoast-schema-graph\">{\"@context\":\"https:\/\/schema.org\",\"@graph\":[{\"@type\":\"WebPage\",\"@id\":\"https:\/\/oclini.com\/it\/ciaspolate-fra-le-dolomiti\/\",\"url\":\"https:\/\/oclini.com\/it\/ciaspolate-fra-le-dolomiti\/\",\"name\":\"Ciaspolate fra le Dolomiti in vacanza fra le Dolomiti\",\"isPartOf\":{\"@id\":\"https:\/\/oclini.com\/it\/#website\"},\"primaryImageOfPage\":{\"@id\":\"https:\/\/oclini.com\/it\/ciaspolate-fra-le-dolomiti\/#primaryimage\"},\"image\":{\"@id\":\"https:\/\/oclini.com\/it\/ciaspolate-fra-le-dolomiti\/#primaryimage\"},\"thumbnailUrl\":\"https:\/\/oclini.com\/wp-content\/uploads\/2016\/09\/044.jpg\",\"datePublished\":\"2016-06-08T14:11:27+00:00\",\"dateModified\":\"2024-07-17T05:05:09+00:00\",\"description\":\"Ciaspolate fra le Dolomiti. Ciaspolate in vacanza. Ciaspolate in paesaggi invernali da favola. Ciaspolate in vacanza dell'Alto Adige e del Trentino\",\"breadcrumb\":{\"@id\":\"https:\/\/oclini.com\/it\/ciaspolate-fra-le-dolomiti\/#breadcrumb\"},\"inLanguage\":\"it-IT\",\"potentialAction\":[{\"@type\":\"ReadAction\",\"target\":[\"https:\/\/oclini.com\/it\/ciaspolate-fra-le-dolomiti\/\"]}]},{\"@type\":\"ImageObject\",\"inLanguage\":\"it-IT\",\"@id\":\"https:\/\/oclini.com\/it\/ciaspolate-fra-le-dolomiti\/#primaryimage\",\"url\":\"https:\/\/oclini.com\/wp-content\/uploads\/2016\/09\/044.jpg\",\"contentUrl\":\"https:\/\/oclini.com\/wp-content\/uploads\/2016\/09\/044.jpg\",\"width\":1344,\"height\":760},{\"@type\":\"BreadcrumbList\",\"@id\":\"https:\/\/oclini.com\/it\/ciaspolate-fra-le-dolomiti\/#breadcrumb\",\"itemListElement\":[{\"@type\":\"ListItem\",\"position\":1,\"name\":\"Startseite\",\"item\":\"https:\/\/oclini.com\/it\/\"},{\"@type\":\"ListItem\",\"position\":2,\"name\":\"Ciaspolate nella neve\"}]},{\"@type\":\"WebSite\",\"@id\":\"https:\/\/oclini.com\/it\/#website\",\"url\":\"https:\/\/oclini.com\/it\/\",\"name\":\"jochgrimm.com\",\"description\":\"\",\"potentialAction\":[{\"@type\":\"SearchAction\",\"target\":{\"@type\":\"EntryPoint\",\"urlTemplate\":\"https:\/\/oclini.com\/it\/?s={search_term_string}\"},\"query-input\":{\"@type\":\"PropertyValueSpecification\",\"valueRequired\":true,\"valueName\":\"search_term_string\"}}],\"inLanguage\":\"it-IT\"}]}<\/script>\n<!-- \/ Yoast SEO plugin. -->","yoast_head_json":{"title":"Ciaspolate fra le Dolomiti in vacanza fra le Dolomiti","description":"Ciaspolate fra le Dolomiti. Ciaspolate in vacanza. Ciaspolate in paesaggi invernali da favola. Ciaspolate in vacanza dell'Alto Adige e del Trentino","robots":{"index":"index","follow":"follow","max-snippet":"max-snippet:-1","max-image-preview":"max-image-preview:large","max-video-preview":"max-video-preview:-1"},"canonical":"https:\/\/oclini.com\/it\/ciaspolate-fra-le-dolomiti\/","og_locale":"it_IT","og_type":"article","og_title":"Ciaspolate fra le Dolomiti in vacanza fra le Dolomiti","og_description":"Ciaspolate fra le Dolomiti. Ciaspolate in vacanza. Ciaspolate in paesaggi invernali da favola. Ciaspolate in vacanza dell'Alto Adige e del Trentino","og_url":"https:\/\/oclini.com\/it\/ciaspolate-fra-le-dolomiti\/","og_site_name":"jochgrimm.com","article_modified_time":"2024-07-17T05:05:09+00:00","og_image":[{"width":1344,"height":760,"url":"https:\/\/oclini.com\/wp-content\/uploads\/2016\/09\/044.jpg","type":"image\/jpeg"}],"twitter_card":"summary_large_image","twitter_misc":{"Tempo di lettura stimato":"1 minuto"},"schema":{"@context":"https:\/\/schema.org","@graph":[{"@type":"WebPage","@id":"https:\/\/oclini.com\/it\/ciaspolate-fra-le-dolomiti\/","url":"https:\/\/oclini.com\/it\/ciaspolate-fra-le-dolomiti\/","name":"Ciaspolate fra le Dolomiti in vacanza fra le Dolomiti","isPartOf":{"@id":"https:\/\/oclini.com\/it\/#website"},"primaryImageOfPage":{"@id":"https:\/\/oclini.com\/it\/ciaspolate-fra-le-dolomiti\/#primaryimage"},"image":{"@id":"https:\/\/oclini.com\/it\/ciaspolate-fra-le-dolomiti\/#primaryimage"},"thumbnailUrl":"https:\/\/oclini.com\/wp-content\/uploads\/2016\/09\/044.jpg","datePublished":"2016-06-08T14:11:27+00:00","dateModified":"2024-07-17T05:05:09+00:00","description":"Ciaspolate fra le Dolomiti. Ciaspolate in vacanza. Ciaspolate in paesaggi invernali da favola. Ciaspolate in vacanza dell'Alto Adige e del Trentino","breadcrumb":{"@id":"https:\/\/oclini.com\/it\/ciaspolate-fra-le-dolomiti\/#breadcrumb"},"inLanguage":"it-IT","potentialAction":[{"@type":"ReadAction","target":["https:\/\/oclini.com\/it\/ciaspolate-fra-le-dolomiti\/"]}]},{"@type":"ImageObject","inLanguage":"it-IT","@id":"https:\/\/oclini.com\/it\/ciaspolate-fra-le-dolomiti\/#primaryimage","url":"https:\/\/oclini.com\/wp-content\/uploads\/2016\/09\/044.jpg","contentUrl":"https:\/\/oclini.com\/wp-content\/uploads\/2016\/09\/044.jpg","width":1344,"height":760},{"@type":"BreadcrumbList","@id":"https:\/\/oclini.com\/it\/ciaspolate-fra-le-dolomiti\/#breadcrumb","itemListElement":[{"@type":"ListItem","position":1,"name":"Startseite","item":"https:\/\/oclini.com\/it\/"},{"@type":"ListItem","position":2,"name":"Ciaspolate nella neve"}]},{"@type":"WebSite","@id":"https:\/\/oclini.com\/it\/#website","url":"https:\/\/oclini.com\/it\/","name":"jochgrimm.com","description":"","potentialAction":[{"@type":"SearchAction","target":{"@type":"EntryPoint","urlTemplate":"https:\/\/oclini.com\/it\/?s={search_term_string}"},"query-input":{"@type":"PropertyValueSpecification","valueRequired":true,"valueName":"search_term_string"}}],"inLanguage":"it-IT"}]}},"jetpack_sharing_enabled":true,"jetpack_shortlink":"https:\/\/wp.me\/P7CLxh-ce","_links":{"self":[{"href":"https:\/\/oclini.com\/it\/wp-json\/wp\/v2\/pages\/758","targetHints":{"allow":["GET"]}}],"collection":[{"href":"https:\/\/oclini.com\/it\/wp-json\/wp\/v2\/pages"}],"about":[{"href":"https:\/\/oclini.com\/it\/wp-json\/wp\/v2\/types\/page"}],"author":[{"embeddable":true,"href":"https:\/\/oclini.com\/it\/wp-json\/wp\/v2\/users\/1"}],"replies":[{"embeddable":true,"href":"https:\/\/oclini.com\/it\/wp-json\/wp\/v2\/comments?post=758"}],"version-history":[{"count":6,"href":"https:\/\/oclini.com\/it\/wp-json\/wp\/v2\/pages\/758\/revisions"}],"predecessor-version":[{"id":3268,"href":"https:\/\/oclini.com\/it\/wp-json\/wp\/v2\/pages\/758\/revisions\/3268"}],"wp:featuredmedia":[{"embeddable":true,"href":"https:\/\/oclini.com\/it\/wp-json\/wp\/v2\/media\/675"}],"wp:attachment":[{"href":"https:\/\/oclini.com\/it\/wp-json\/wp\/v2\/media?parent=758"}],"curies":[{"name":"wp","href":"https:\/\/api.w.org\/{rel}","templated":true}]}}