{"id":735,"date":"2016-06-08T16:01:31","date_gmt":"2016-06-08T14:01:31","guid":{"rendered":"https:\/\/jochgrimm.com\/it\/skiverleih-ski-snowboard-suedtirol\/"},"modified":"2024-07-17T07:27:02","modified_gmt":"2024-07-17T05:27:02","slug":"noleggio-sci","status":"publish","type":"page","link":"https:\/\/oclini.com\/it\/noleggio-sci\/","title":{"rendered":"Noleggio sci Oclini"},"content":{"rendered":"<p>In quasi nessun altro sport l&#8217;attrezzatura perfetta e su misura \u00e8 tanto importante come nello sci e nello snowboard.<\/p>\n<p>Se sei sfornito di attrezzatura, ti manca ancora qualcosa, qualcos&#8217;altro \u00e8 da sistemare o da regolare e ti assalgono i dubbi tecnici pi\u00f9 impensabili, il centro noleggio sci della famiglia Rottensteiner, situato direttamente sulle piste del comprensorio, \u00e8 il punto di riferimento ideale. Anche per l&#8217;acquisto degli skipass senza inutili perdite di tempo.<\/p>\n<p>Dagli sci allround, freestyle, da competizione agli snowboard, dall&#8217;attrezzatura per lo sci da fondo agli slittini, dagli scarponi alle ciaspole, fino ai caschi e ai bastoncini. Al centro noleggio trovi di tutto: prodotti di qualit\u00e0 e all&#8217;avanguardia, professionalit\u00e0 e competenza.<\/p>\n<h3><a href=\"https:\/\/rmxob.shop\/Main.aspx?shopid=874d7e90-6785-4175-a03f-23eb8e4f3112&amp;shopmode=0&amp;langcode=it\" target=\"_blank\">Prenota qui l&#8217;attrezzatura!<\/a><\/h3>\n<p>Per ulteriori informazioni:<\/p>\n<p><a href=\"mailto:skiverleih@rottensteiner.it\">skiverleih@rottensteiner.it<br \/>\n<\/a><a href=\"Tel: 00393486032576\">Tel: +39 348 \/ 6032576<\/a><\/p>\n<p>&nbsp;<\/p>\n<p><img loading=\"lazy\" decoding=\"async\" class=\"alignnone wp-image-1222\" src=\"https:\/\/oclini.com\/wp-content\/uploads\/2016\/06\/verleih.jpg\" width=\"650\" height=\"487\" srcset=\"https:\/\/oclini.com\/wp-content\/uploads\/2016\/06\/verleih.jpg 2079w, https:\/\/oclini.com\/wp-content\/uploads\/2016\/06\/verleih-300x225.jpg 300w, https:\/\/oclini.com\/wp-content\/uploads\/2016\/06\/verleih-768x576.jpg 768w, https:\/\/oclini.com\/wp-content\/uploads\/2016\/06\/verleih-1024x768.jpg 1024w\" sizes=\"auto, (max-width: 650px) 85vw, 650px\" \/><\/p>\n","protected":false},"excerpt":{"rendered":"<p>In quasi nessun altro sport l&#8217;attrezzatura perfetta e su misura \u00e8 tanto importante come nello sci e nello snowboard. Se sei sfornito di attrezzatura, ti manca ancora qualcosa, qualcos&#8217;altro \u00e8 da sistemare o da regolare e ti assalgono i dubbi tecnici pi\u00f9 impensabili, il centro noleggio sci della famiglia Rottensteiner, situato direttamente sulle piste del [&hellip;]<\/p>\n","protected":false},"author":1,"featured_media":210,"parent":0,"menu_order":0,"comment_status":"closed","ping_status":"closed","template":"template-unterseiten.php","meta":{"_acf_changed":false,"jetpack_post_was_ever_published":false,"footnotes":""},"class_list":["post-735","page","type-page","status-publish","has-post-thumbnail","hentry"],"acf":[],"yoast_head":"<!-- This site is optimized with the Yoast SEO plugin v26.5 - https:\/\/yoast.com\/wordpress\/plugins\/seo\/ -->\n<title>Noleggio Sci Oclini - Lavaze - Val Fiemme - Cavalese - Obereggen<\/title>\n<meta name=\"description\" content=\"Noleggio sci e snowboard, distante solo 12km da Cavalese &amp; Val di Fiemme, a Oclini, vicino a Passo Lavaze. Attrezzatura per tutta la famiglia!\" \/>\n<meta name=\"robots\" content=\"index, follow, max-snippet:-1, max-image-preview:large, max-video-preview:-1\" \/>\n<link rel=\"canonical\" href=\"https:\/\/oclini.com\/it\/noleggio-sci\/\" \/>\n<meta property=\"og:locale\" content=\"it_IT\" \/>\n<meta property=\"og:type\" content=\"article\" \/>\n<meta property=\"og:title\" content=\"Noleggio Sci Oclini - Lavaze - Val Fiemme - Cavalese - Obereggen\" \/>\n<meta property=\"og:description\" content=\"Noleggio sci e snowboard, distante solo 12km da Cavalese &amp; Val di Fiemme, a Oclini, vicino a Passo Lavaze. Attrezzatura per tutta la famiglia!\" \/>\n<meta property=\"og:url\" content=\"https:\/\/oclini.com\/it\/noleggio-sci\/\" \/>\n<meta property=\"og:site_name\" content=\"jochgrimm.com\" \/>\n<meta property=\"article:modified_time\" content=\"2024-07-17T05:27:02+00:00\" \/>\n<meta property=\"og:image\" content=\"https:\/\/oclini.com\/wp-content\/uploads\/2016\/06\/skiverleih.jpg\" \/>\n\t<meta property=\"og:image:width\" content=\"1500\" \/>\n\t<meta property=\"og:image:height\" content=\"994\" \/>\n\t<meta property=\"og:image:type\" content=\"image\/jpeg\" \/>\n<meta name=\"twitter:card\" content=\"summary_large_image\" \/>\n<meta name=\"twitter:label1\" content=\"Tempo di lettura stimato\" \/>\n\t<meta name=\"twitter:data1\" content=\"1 minuto\" \/>\n<script type=\"application\/ld+json\" class=\"yoast-schema-graph\">{\"@context\":\"https:\/\/schema.org\",\"@graph\":[{\"@type\":\"WebPage\",\"@id\":\"https:\/\/oclini.com\/it\/noleggio-sci\/\",\"url\":\"https:\/\/oclini.com\/it\/noleggio-sci\/\",\"name\":\"Noleggio Sci Oclini - Lavaze - Val Fiemme - Cavalese - Obereggen\",\"isPartOf\":{\"@id\":\"https:\/\/oclini.com\/it\/#website\"},\"primaryImageOfPage\":{\"@id\":\"https:\/\/oclini.com\/it\/noleggio-sci\/#primaryimage\"},\"image\":{\"@id\":\"https:\/\/oclini.com\/it\/noleggio-sci\/#primaryimage\"},\"thumbnailUrl\":\"https:\/\/oclini.com\/wp-content\/uploads\/2016\/06\/skiverleih.jpg\",\"datePublished\":\"2016-06-08T14:01:31+00:00\",\"dateModified\":\"2024-07-17T05:27:02+00:00\",\"description\":\"Noleggio sci e snowboard, distante solo 12km da Cavalese & Val di Fiemme, a Oclini, vicino a Passo Lavaze. Attrezzatura per tutta la famiglia!\",\"breadcrumb\":{\"@id\":\"https:\/\/oclini.com\/it\/noleggio-sci\/#breadcrumb\"},\"inLanguage\":\"it-IT\",\"potentialAction\":[{\"@type\":\"ReadAction\",\"target\":[\"https:\/\/oclini.com\/it\/noleggio-sci\/\"]}]},{\"@type\":\"ImageObject\",\"inLanguage\":\"it-IT\",\"@id\":\"https:\/\/oclini.com\/it\/noleggio-sci\/#primaryimage\",\"url\":\"https:\/\/oclini.com\/wp-content\/uploads\/2016\/06\/skiverleih.jpg\",\"contentUrl\":\"https:\/\/oclini.com\/wp-content\/uploads\/2016\/06\/skiverleih.jpg\",\"width\":1500,\"height\":994,\"caption\":\"Corno Nero\"},{\"@type\":\"BreadcrumbList\",\"@id\":\"https:\/\/oclini.com\/it\/noleggio-sci\/#breadcrumb\",\"itemListElement\":[{\"@type\":\"ListItem\",\"position\":1,\"name\":\"Startseite\",\"item\":\"https:\/\/oclini.com\/it\/\"},{\"@type\":\"ListItem\",\"position\":2,\"name\":\"Noleggio sci Oclini\"}]},{\"@type\":\"WebSite\",\"@id\":\"https:\/\/oclini.com\/it\/#website\",\"url\":\"https:\/\/oclini.com\/it\/\",\"name\":\"jochgrimm.com\",\"description\":\"\",\"potentialAction\":[{\"@type\":\"SearchAction\",\"target\":{\"@type\":\"EntryPoint\",\"urlTemplate\":\"https:\/\/oclini.com\/it\/?s={search_term_string}\"},\"query-input\":{\"@type\":\"PropertyValueSpecification\",\"valueRequired\":true,\"valueName\":\"search_term_string\"}}],\"inLanguage\":\"it-IT\"}]}<\/script>\n<!-- \/ Yoast SEO plugin. -->","yoast_head_json":{"title":"Noleggio Sci Oclini - Lavaze - Val Fiemme - Cavalese - Obereggen","description":"Noleggio sci e snowboard, distante solo 12km da Cavalese & Val di Fiemme, a Oclini, vicino a Passo Lavaze. Attrezzatura per tutta la famiglia!","robots":{"index":"index","follow":"follow","max-snippet":"max-snippet:-1","max-image-preview":"max-image-preview:large","max-video-preview":"max-video-preview:-1"},"canonical":"https:\/\/oclini.com\/it\/noleggio-sci\/","og_locale":"it_IT","og_type":"article","og_title":"Noleggio Sci Oclini - Lavaze - Val Fiemme - Cavalese - Obereggen","og_description":"Noleggio sci e snowboard, distante solo 12km da Cavalese & Val di Fiemme, a Oclini, vicino a Passo Lavaze. Attrezzatura per tutta la famiglia!","og_url":"https:\/\/oclini.com\/it\/noleggio-sci\/","og_site_name":"jochgrimm.com","article_modified_time":"2024-07-17T05:27:02+00:00","og_image":[{"width":1500,"height":994,"url":"https:\/\/oclini.com\/wp-content\/uploads\/2016\/06\/skiverleih.jpg","type":"image\/jpeg"}],"twitter_card":"summary_large_image","twitter_misc":{"Tempo di lettura stimato":"1 minuto"},"schema":{"@context":"https:\/\/schema.org","@graph":[{"@type":"WebPage","@id":"https:\/\/oclini.com\/it\/noleggio-sci\/","url":"https:\/\/oclini.com\/it\/noleggio-sci\/","name":"Noleggio Sci Oclini - Lavaze - Val Fiemme - Cavalese - Obereggen","isPartOf":{"@id":"https:\/\/oclini.com\/it\/#website"},"primaryImageOfPage":{"@id":"https:\/\/oclini.com\/it\/noleggio-sci\/#primaryimage"},"image":{"@id":"https:\/\/oclini.com\/it\/noleggio-sci\/#primaryimage"},"thumbnailUrl":"https:\/\/oclini.com\/wp-content\/uploads\/2016\/06\/skiverleih.jpg","datePublished":"2016-06-08T14:01:31+00:00","dateModified":"2024-07-17T05:27:02+00:00","description":"Noleggio sci e snowboard, distante solo 12km da Cavalese & Val di Fiemme, a Oclini, vicino a Passo Lavaze. Attrezzatura per tutta la famiglia!","breadcrumb":{"@id":"https:\/\/oclini.com\/it\/noleggio-sci\/#breadcrumb"},"inLanguage":"it-IT","potentialAction":[{"@type":"ReadAction","target":["https:\/\/oclini.com\/it\/noleggio-sci\/"]}]},{"@type":"ImageObject","inLanguage":"it-IT","@id":"https:\/\/oclini.com\/it\/noleggio-sci\/#primaryimage","url":"https:\/\/oclini.com\/wp-content\/uploads\/2016\/06\/skiverleih.jpg","contentUrl":"https:\/\/oclini.com\/wp-content\/uploads\/2016\/06\/skiverleih.jpg","width":1500,"height":994,"caption":"Corno Nero"},{"@type":"BreadcrumbList","@id":"https:\/\/oclini.com\/it\/noleggio-sci\/#breadcrumb","itemListElement":[{"@type":"ListItem","position":1,"name":"Startseite","item":"https:\/\/oclini.com\/it\/"},{"@type":"ListItem","position":2,"name":"Noleggio sci Oclini"}]},{"@type":"WebSite","@id":"https:\/\/oclini.com\/it\/#website","url":"https:\/\/oclini.com\/it\/","name":"jochgrimm.com","description":"","potentialAction":[{"@type":"SearchAction","target":{"@type":"EntryPoint","urlTemplate":"https:\/\/oclini.com\/it\/?s={search_term_string}"},"query-input":{"@type":"PropertyValueSpecification","valueRequired":true,"valueName":"search_term_string"}}],"inLanguage":"it-IT"}]}},"jetpack_sharing_enabled":true,"jetpack_shortlink":"https:\/\/wp.me\/P7CLxh-bR","_links":{"self":[{"href":"https:\/\/oclini.com\/it\/wp-json\/wp\/v2\/pages\/735","targetHints":{"allow":["GET"]}}],"collection":[{"href":"https:\/\/oclini.com\/it\/wp-json\/wp\/v2\/pages"}],"about":[{"href":"https:\/\/oclini.com\/it\/wp-json\/wp\/v2\/types\/page"}],"author":[{"embeddable":true,"href":"https:\/\/oclini.com\/it\/wp-json\/wp\/v2\/users\/1"}],"replies":[{"embeddable":true,"href":"https:\/\/oclini.com\/it\/wp-json\/wp\/v2\/comments?post=735"}],"version-history":[{"count":11,"href":"https:\/\/oclini.com\/it\/wp-json\/wp\/v2\/pages\/735\/revisions"}],"predecessor-version":[{"id":3191,"href":"https:\/\/oclini.com\/it\/wp-json\/wp\/v2\/pages\/735\/revisions\/3191"}],"wp:featuredmedia":[{"embeddable":true,"href":"https:\/\/oclini.com\/it\/wp-json\/wp\/v2\/media\/210"}],"wp:attachment":[{"href":"https:\/\/oclini.com\/it\/wp-json\/wp\/v2\/media?parent=735"}],"curies":[{"name":"wp","href":"https:\/\/api.w.org\/{rel}","templated":true}]}}