{"id":726,"date":"2016-05-26T13:43:13","date_gmt":"2016-05-26T11:43:13","guid":{"rendered":"https:\/\/jochgrimm.com\/it\/home\/"},"modified":"2024-09-02T19:04:37","modified_gmt":"2024-09-02T17:04:37","slug":"home","status":"publish","type":"page","link":"https:\/\/oclini.com\/it\/home\/","title":{"rendered":"Home"},"content":{"rendered":"","protected":false},"excerpt":{"rendered":"","protected":false},"author":1,"featured_media":0,"parent":0,"menu_order":0,"comment_status":"closed","ping_status":"closed","template":"template-home.php","meta":{"_acf_changed":false,"jetpack_post_was_ever_published":false,"footnotes":""},"class_list":["post-726","page","type-page","status-publish","hentry"],"acf":[],"yoast_head":"<!-- This site is optimized with the Yoast SEO plugin v26.5 - https:\/\/yoast.com\/wordpress\/plugins\/seo\/ -->\n<title>Oclini - Vacanze in Alto Adige: montagne, Dolomiti, skiarea<\/title>\n<meta name=\"description\" content=\"Alto Adige: vacanze in famiglia, fra montagne e Dolomiti. Paesaggi incantevoli, lontani da rumori, frenesie e dal turismo di massa. Top for kids\" \/>\n<meta name=\"robots\" content=\"index, follow, max-snippet:-1, max-image-preview:large, max-video-preview:-1\" \/>\n<link rel=\"canonical\" href=\"https:\/\/oclini.com\/it\/home\/\" \/>\n<meta property=\"og:locale\" content=\"it_IT\" \/>\n<meta property=\"og:type\" content=\"article\" \/>\n<meta property=\"og:title\" content=\"Jochgrimm \u2013 beeindruckendes Wander- und Skierlebnis in den H\u00f6hen von S\u00fcdtirols S\u00fcden\" \/>\n<meta property=\"og:description\" content=\"Alto Adige: vacanze in famiglia, fra montagne e Dolomiti. Paesaggi incantevoli, lontani da rumori, frenesie e dal turismo di massa. Top for kids\" \/>\n<meta property=\"og:url\" content=\"https:\/\/oclini.com\/it\/home\/\" \/>\n<meta property=\"og:site_name\" content=\"jochgrimm.com\" \/>\n<meta property=\"article:modified_time\" content=\"2024-09-02T17:04:37+00:00\" \/>\n<meta name=\"twitter:card\" content=\"summary_large_image\" \/>\n<meta name=\"twitter:label1\" content=\"Tempo di lettura stimato\" \/>\n\t<meta name=\"twitter:data1\" content=\"2 minuti\" \/>\n<script type=\"application\/ld+json\" class=\"yoast-schema-graph\">{\"@context\":\"https:\/\/schema.org\",\"@graph\":[{\"@type\":\"WebPage\",\"@id\":\"https:\/\/oclini.com\/it\/home\/\",\"url\":\"https:\/\/oclini.com\/it\/home\/\",\"name\":\"Oclini - Vacanze in Alto Adige: montagne, Dolomiti, skiarea\",\"isPartOf\":{\"@id\":\"https:\/\/oclini.com\/it\/#website\"},\"datePublished\":\"2016-05-26T11:43:13+00:00\",\"dateModified\":\"2024-09-02T17:04:37+00:00\",\"description\":\"Alto Adige: vacanze in famiglia, fra montagne e Dolomiti. Paesaggi incantevoli, lontani da rumori, frenesie e dal turismo di massa. Top for kids\",\"breadcrumb\":{\"@id\":\"https:\/\/oclini.com\/it\/home\/#breadcrumb\"},\"inLanguage\":\"it-IT\",\"potentialAction\":[{\"@type\":\"ReadAction\",\"target\":[\"https:\/\/oclini.com\/it\/home\/\"]}]},{\"@type\":\"BreadcrumbList\",\"@id\":\"https:\/\/oclini.com\/it\/home\/#breadcrumb\",\"itemListElement\":[{\"@type\":\"ListItem\",\"position\":1,\"name\":\"Startseite\",\"item\":\"https:\/\/oclini.com\/it\/\"},{\"@type\":\"ListItem\",\"position\":2,\"name\":\"Home\"}]},{\"@type\":\"WebSite\",\"@id\":\"https:\/\/oclini.com\/it\/#website\",\"url\":\"https:\/\/oclini.com\/it\/\",\"name\":\"jochgrimm.com\",\"description\":\"\",\"potentialAction\":[{\"@type\":\"SearchAction\",\"target\":{\"@type\":\"EntryPoint\",\"urlTemplate\":\"https:\/\/oclini.com\/it\/?s={search_term_string}\"},\"query-input\":{\"@type\":\"PropertyValueSpecification\",\"valueRequired\":true,\"valueName\":\"search_term_string\"}}],\"inLanguage\":\"it-IT\"}]}<\/script>\n<!-- \/ Yoast SEO plugin. -->","yoast_head_json":{"title":"Oclini - Vacanze in Alto Adige: montagne, Dolomiti, skiarea","description":"Alto Adige: vacanze in famiglia, fra montagne e Dolomiti. Paesaggi incantevoli, lontani da rumori, frenesie e dal turismo di massa. Top for kids","robots":{"index":"index","follow":"follow","max-snippet":"max-snippet:-1","max-image-preview":"max-image-preview:large","max-video-preview":"max-video-preview:-1"},"canonical":"https:\/\/oclini.com\/it\/home\/","og_locale":"it_IT","og_type":"article","og_title":"Jochgrimm \u2013 beeindruckendes Wander- und Skierlebnis in den H\u00f6hen von S\u00fcdtirols S\u00fcden","og_description":"Alto Adige: vacanze in famiglia, fra montagne e Dolomiti. Paesaggi incantevoli, lontani da rumori, frenesie e dal turismo di massa. Top for kids","og_url":"https:\/\/oclini.com\/it\/home\/","og_site_name":"jochgrimm.com","article_modified_time":"2024-09-02T17:04:37+00:00","twitter_card":"summary_large_image","twitter_misc":{"Tempo di lettura stimato":"2 minuti"},"schema":{"@context":"https:\/\/schema.org","@graph":[{"@type":"WebPage","@id":"https:\/\/oclini.com\/it\/home\/","url":"https:\/\/oclini.com\/it\/home\/","name":"Oclini - Vacanze in Alto Adige: montagne, Dolomiti, skiarea","isPartOf":{"@id":"https:\/\/oclini.com\/it\/#website"},"datePublished":"2016-05-26T11:43:13+00:00","dateModified":"2024-09-02T17:04:37+00:00","description":"Alto Adige: vacanze in famiglia, fra montagne e Dolomiti. Paesaggi incantevoli, lontani da rumori, frenesie e dal turismo di massa. Top for kids","breadcrumb":{"@id":"https:\/\/oclini.com\/it\/home\/#breadcrumb"},"inLanguage":"it-IT","potentialAction":[{"@type":"ReadAction","target":["https:\/\/oclini.com\/it\/home\/"]}]},{"@type":"BreadcrumbList","@id":"https:\/\/oclini.com\/it\/home\/#breadcrumb","itemListElement":[{"@type":"ListItem","position":1,"name":"Startseite","item":"https:\/\/oclini.com\/it\/"},{"@type":"ListItem","position":2,"name":"Home"}]},{"@type":"WebSite","@id":"https:\/\/oclini.com\/it\/#website","url":"https:\/\/oclini.com\/it\/","name":"jochgrimm.com","description":"","potentialAction":[{"@type":"SearchAction","target":{"@type":"EntryPoint","urlTemplate":"https:\/\/oclini.com\/it\/?s={search_term_string}"},"query-input":{"@type":"PropertyValueSpecification","valueRequired":true,"valueName":"search_term_string"}}],"inLanguage":"it-IT"}]}},"jetpack_sharing_enabled":true,"jetpack_shortlink":"https:\/\/wp.me\/P7CLxh-bI","_links":{"self":[{"href":"https:\/\/oclini.com\/it\/wp-json\/wp\/v2\/pages\/726","targetHints":{"allow":["GET"]}}],"collection":[{"href":"https:\/\/oclini.com\/it\/wp-json\/wp\/v2\/pages"}],"about":[{"href":"https:\/\/oclini.com\/it\/wp-json\/wp\/v2\/types\/page"}],"author":[{"embeddable":true,"href":"https:\/\/oclini.com\/it\/wp-json\/wp\/v2\/users\/1"}],"replies":[{"embeddable":true,"href":"https:\/\/oclini.com\/it\/wp-json\/wp\/v2\/comments?post=726"}],"version-history":[{"count":10,"href":"https:\/\/oclini.com\/it\/wp-json\/wp\/v2\/pages\/726\/revisions"}],"predecessor-version":[{"id":3329,"href":"https:\/\/oclini.com\/it\/wp-json\/wp\/v2\/pages\/726\/revisions\/3329"}],"wp:attachment":[{"href":"https:\/\/oclini.com\/it\/wp-json\/wp\/v2\/media?parent=726"}],"curies":[{"name":"wp","href":"https:\/\/api.w.org\/{rel}","templated":true}]}}