{"id":2028,"date":"2017-06-20T20:01:12","date_gmt":"2017-06-20T18:01:12","guid":{"rendered":"https:\/\/jochgrimm.com\/it\/hoehentraining-dolomiten-laufcamp\/"},"modified":"2024-07-17T07:04:41","modified_gmt":"2024-07-17T05:04:41","slug":"allenamento-in-quota-dolomiti","status":"publish","type":"page","link":"https:\/\/oclini.com\/it\/allenamento-in-quota-dolomiti\/","title":{"rendered":"Sommer &#8211; H\u00f6hentraining"},"content":{"rendered":"<p><strong>Allenarsi a 2000 metri nel cuore delle Dolomiti<\/strong><\/p>\n<p>Correre in alta montagna per sfruttare i benefici dell\u2019allenamento in altura. Trasformare il periodo di vacanza in un\u2019opportunit\u00e0 unica per un periodo di allenamento intensivo, per migliorare la tecnica e le prestazioni rimanendo lontano dal caldo e in un ambiente naturale rilassante e di grande impatto come le Dolomiti.<\/p>\n<p><strong>Running Park Oclini \u2013 Lavaz\u00e8, 85 km di percorsi misurati e segnalati<\/strong><\/p>\n<p>\u00c8 nato con questo obiettivo il Running Park Oclini \u2013 Lavaz\u00e8, immerso nel cuore delle Dolomiti, tra la Val di Fiemme e l\u2019Eggental.<\/p>\n<p>Dalla stagione 2023 l\u2019area montana adagiata su un ampio altipiano a cavallo dei 2000 metri di altitudine sul livello del mare, ospita un vero Running Park dotato di tutti i servizi adatti alle squadre sportive di atletica leggera e di molte specialit\u00e0 sportive.<\/p>\n<p>A disposizione degli atleti ci sono ben 16 percorsi su sentiero, strade forestali (con la possibilit\u00e0 di sfruttare anche l\u2019asfalto), per programmare gli allenamenti degli atleti di pista, strada e trail running. 85 chilometri di piste segnalate a disposizione dei runner.<\/p>\n<p>Oclini \u00e8 situato tra le cime del Corno Nero e del Corno Bianco che rendono unica quest\u2019area che si apre a Ovest verso il panorama delle Dolomiti del Brenta e a Est verso le il gruppo del Catinaccio-Latemar. Al cospetto di un panorama suggestivo \u00e8 possibile allenarsi su percorsi tracciati, misurati e segnalati che si estendono tra i 2000 metri di Oclini e i 1800 metri di Passo Lavaz\u00e8 (dove \u00e8 presente anche l\u2019impianto pi\u00f9 alto d\u2019Europa per lo skiroll e il biathlon (con poligono di tiro).<\/p>\n<p>&nbsp;<\/p>\n<p><strong>Per gli atleti palestra, aree fitness e i servizi speciali dell\u2019Hotel Schwarzhorn, <\/strong><\/p>\n<p><strong>oltre a una pista omologata a 1000 metri slm<\/strong><\/p>\n<p>Per gli atleti, il Running Park Oclini \u2013 Lavaz\u00e8 offre un ambiente accogliente e molto rilassante. \u00c8 possibile soggiornare all\u2019Hotel Schwarzhorn (Corno Nero) che dispone di camere per privati e per gruppi. Fornisce servizi di ristorazione con piatti tipici, cucina internazionale e la possibilit\u00e0 di offrire men\u00f9 specifici su richiesta. \u00c8 dotato di una palestra attrezzata a disposizione degli atleti, di ampie sale adatte al fitness e agli esercizi e di un\u2019area outdoor per il gioco e lo svago.<\/p>\n<p>Per gli atleti e le squadre che necessitano di percorsi speciali per gli allenamenti di qualit\u00e0 sono disponibili una pista sterrata di 400 metri all\u2019altezza di quasi 2100 metri. Inoltre, nella vicina Cavalese (altezza 1000 metri slm) \u00e8 presente una pista di atletica leggera regolamentare (accesso da concordare con i gestori). Infine, lungo la Val di Fiemme \u00e8 presente un percorso asfaltato (interamente su pista ciclabile) di circa 16 km che si snoda interamente sul filo dei 1000 metri di altitudine, ideale per i lunghi allenamenti di collinare e per i lunghissimi con la possibilit\u00e0 di correre fino a oltre 30 km senza alcun problema.<\/p>\n<h4>Attrezzatura e consulenza<\/h4>\n<p><img loading=\"lazy\" decoding=\"async\" class=\"alignright wp-image-3147\" src=\"https:\/\/oclini.com\/wp-content\/uploads\/2017\/06\/PROCURSU_Logo_Positiv_RGB_72dpi-300x90.png\" alt=\"ProCursu\" width=\"513\" height=\"154\" srcset=\"https:\/\/oclini.com\/wp-content\/uploads\/2017\/06\/PROCURSU_Logo_Positiv_RGB_72dpi-300x90.png 300w, https:\/\/oclini.com\/wp-content\/uploads\/2017\/06\/PROCURSU_Logo_Positiv_RGB_72dpi-500x150.png 500w, https:\/\/oclini.com\/wp-content\/uploads\/2017\/06\/PROCURSU_Logo_Positiv_RGB_72dpi.png 680w\" sizes=\"auto, (max-width: 513px) 85vw, 513px\" \/><br \/>\nPRO:CURSU<br \/>\nRUNNING + TRAIL RUNNING SHOP<br \/>\nAlto Adige \/\/ Ora, Piazza Principale 36<br \/>\n<a href=\"https:\/\/procursu.run\/it\/\" target=\"_blank\">www.procursu.run<\/a><br \/>\n<a href=\"tel:+3904711650382\" target=\"_blank\">+39 0471 165 03 82<\/a><br \/>\n<a href=\"mailto:info@procursu.run\" target=\"_blank\">info@procursu.run<\/a><\/p>\n","protected":false},"excerpt":{"rendered":"<p>Allenarsi a 2000 metri nel cuore delle Dolomiti Correre in alta montagna per sfruttare i benefici dell\u2019allenamento in altura. Trasformare il periodo di vacanza in un\u2019opportunit\u00e0 unica per un periodo di allenamento intensivo, per migliorare la tecnica e le prestazioni rimanendo lontano dal caldo e in un ambiente naturale rilassante e di grande impatto come [&hellip;]<\/p>\n","protected":false},"author":6,"featured_media":3133,"parent":0,"menu_order":0,"comment_status":"closed","ping_status":"closed","template":"template-schneeschuwandern-single.php","meta":{"_acf_changed":false,"jetpack_post_was_ever_published":false,"footnotes":""},"class_list":["post-2028","page","type-page","status-publish","has-post-thumbnail","hentry"],"acf":[],"yoast_head":"<!-- This site is optimized with the Yoast SEO plugin v26.5 - https:\/\/yoast.com\/wordpress\/plugins\/seo\/ -->\n<title>Allenamento in quota - Dolomiti - Campi sportivi - oclini.com<\/title>\n<meta name=\"description\" content=\"Allenamento in quota, campi sportivi a 2000 metri nelle dolomiti per atleti. Atletica leggera e triatlon. Diversi percorsi con lunghezze differenti.\" \/>\n<meta name=\"robots\" content=\"index, follow, max-snippet:-1, max-image-preview:large, max-video-preview:-1\" \/>\n<link rel=\"canonical\" href=\"https:\/\/oclini.com\/it\/allenamento-in-quota-dolomiti\/\" \/>\n<meta property=\"og:locale\" content=\"it_IT\" \/>\n<meta property=\"og:type\" content=\"article\" \/>\n<meta property=\"og:title\" content=\"Allenamento in quota - Dolomiti - Campi sportivi - oclini.com\" \/>\n<meta property=\"og:description\" content=\"Allenamento in quota, campi sportivi a 2000 metri nelle dolomiti per atleti. Atletica leggera e triatlon. Diversi percorsi con lunghezze differenti.\" \/>\n<meta property=\"og:url\" content=\"https:\/\/oclini.com\/it\/allenamento-in-quota-dolomiti\/\" \/>\n<meta property=\"og:site_name\" content=\"jochgrimm.com\" \/>\n<meta property=\"article:modified_time\" content=\"2024-07-17T05:04:41+00:00\" \/>\n<meta property=\"og:image\" content=\"https:\/\/oclini.com\/wp-content\/uploads\/2017\/06\/Jochgrimm_TrailRunning23\u252c\u00aeMonsorno-07105.jpg\" \/>\n\t<meta property=\"og:image:width\" content=\"1600\" \/>\n\t<meta property=\"og:image:height\" content=\"1067\" \/>\n\t<meta property=\"og:image:type\" content=\"image\/jpeg\" \/>\n<meta name=\"twitter:card\" content=\"summary_large_image\" \/>\n<meta name=\"twitter:label1\" content=\"Tempo di lettura stimato\" \/>\n\t<meta name=\"twitter:data1\" content=\"2 minuti\" \/>\n<script type=\"application\/ld+json\" class=\"yoast-schema-graph\">{\"@context\":\"https:\/\/schema.org\",\"@graph\":[{\"@type\":\"WebPage\",\"@id\":\"https:\/\/oclini.com\/it\/allenamento-in-quota-dolomiti\/\",\"url\":\"https:\/\/oclini.com\/it\/allenamento-in-quota-dolomiti\/\",\"name\":\"Allenamento in quota - Dolomiti - Campi sportivi - oclini.com\",\"isPartOf\":{\"@id\":\"https:\/\/oclini.com\/it\/#website\"},\"primaryImageOfPage\":{\"@id\":\"https:\/\/oclini.com\/it\/allenamento-in-quota-dolomiti\/#primaryimage\"},\"image\":{\"@id\":\"https:\/\/oclini.com\/it\/allenamento-in-quota-dolomiti\/#primaryimage\"},\"thumbnailUrl\":\"https:\/\/oclini.com\/wp-content\/uploads\/2017\/06\/Jochgrimm_TrailRunning23\u252c\u00aeMonsorno-07105.jpg\",\"datePublished\":\"2017-06-20T18:01:12+00:00\",\"dateModified\":\"2024-07-17T05:04:41+00:00\",\"description\":\"Allenamento in quota, campi sportivi a 2000 metri nelle dolomiti per atleti. Atletica leggera e triatlon. Diversi percorsi con lunghezze differenti.\",\"breadcrumb\":{\"@id\":\"https:\/\/oclini.com\/it\/allenamento-in-quota-dolomiti\/#breadcrumb\"},\"inLanguage\":\"it-IT\",\"potentialAction\":[{\"@type\":\"ReadAction\",\"target\":[\"https:\/\/oclini.com\/it\/allenamento-in-quota-dolomiti\/\"]}]},{\"@type\":\"ImageObject\",\"inLanguage\":\"it-IT\",\"@id\":\"https:\/\/oclini.com\/it\/allenamento-in-quota-dolomiti\/#primaryimage\",\"url\":\"https:\/\/oclini.com\/wp-content\/uploads\/2017\/06\/Jochgrimm_TrailRunning23\u252c\u00aeMonsorno-07105.jpg\",\"contentUrl\":\"https:\/\/oclini.com\/wp-content\/uploads\/2017\/06\/Jochgrimm_TrailRunning23\u252c\u00aeMonsorno-07105.jpg\",\"width\":1600,\"height\":1067},{\"@type\":\"BreadcrumbList\",\"@id\":\"https:\/\/oclini.com\/it\/allenamento-in-quota-dolomiti\/#breadcrumb\",\"itemListElement\":[{\"@type\":\"ListItem\",\"position\":1,\"name\":\"Startseite\",\"item\":\"https:\/\/oclini.com\/it\/\"},{\"@type\":\"ListItem\",\"position\":2,\"name\":\"Sommer &#8211; H\u00f6hentraining\"}]},{\"@type\":\"WebSite\",\"@id\":\"https:\/\/oclini.com\/it\/#website\",\"url\":\"https:\/\/oclini.com\/it\/\",\"name\":\"jochgrimm.com\",\"description\":\"\",\"potentialAction\":[{\"@type\":\"SearchAction\",\"target\":{\"@type\":\"EntryPoint\",\"urlTemplate\":\"https:\/\/oclini.com\/it\/?s={search_term_string}\"},\"query-input\":{\"@type\":\"PropertyValueSpecification\",\"valueRequired\":true,\"valueName\":\"search_term_string\"}}],\"inLanguage\":\"it-IT\"}]}<\/script>\n<!-- \/ Yoast SEO plugin. -->","yoast_head_json":{"title":"Allenamento in quota - Dolomiti - Campi sportivi - oclini.com","description":"Allenamento in quota, campi sportivi a 2000 metri nelle dolomiti per atleti. Atletica leggera e triatlon. Diversi percorsi con lunghezze differenti.","robots":{"index":"index","follow":"follow","max-snippet":"max-snippet:-1","max-image-preview":"max-image-preview:large","max-video-preview":"max-video-preview:-1"},"canonical":"https:\/\/oclini.com\/it\/allenamento-in-quota-dolomiti\/","og_locale":"it_IT","og_type":"article","og_title":"Allenamento in quota - Dolomiti - Campi sportivi - oclini.com","og_description":"Allenamento in quota, campi sportivi a 2000 metri nelle dolomiti per atleti. Atletica leggera e triatlon. Diversi percorsi con lunghezze differenti.","og_url":"https:\/\/oclini.com\/it\/allenamento-in-quota-dolomiti\/","og_site_name":"jochgrimm.com","article_modified_time":"2024-07-17T05:04:41+00:00","og_image":[{"width":1600,"height":1067,"url":"https:\/\/oclini.com\/wp-content\/uploads\/2017\/06\/Jochgrimm_TrailRunning23\u252c\u00aeMonsorno-07105.jpg","type":"image\/jpeg"}],"twitter_card":"summary_large_image","twitter_misc":{"Tempo di lettura stimato":"2 minuti"},"schema":{"@context":"https:\/\/schema.org","@graph":[{"@type":"WebPage","@id":"https:\/\/oclini.com\/it\/allenamento-in-quota-dolomiti\/","url":"https:\/\/oclini.com\/it\/allenamento-in-quota-dolomiti\/","name":"Allenamento in quota - Dolomiti - Campi sportivi - oclini.com","isPartOf":{"@id":"https:\/\/oclini.com\/it\/#website"},"primaryImageOfPage":{"@id":"https:\/\/oclini.com\/it\/allenamento-in-quota-dolomiti\/#primaryimage"},"image":{"@id":"https:\/\/oclini.com\/it\/allenamento-in-quota-dolomiti\/#primaryimage"},"thumbnailUrl":"https:\/\/oclini.com\/wp-content\/uploads\/2017\/06\/Jochgrimm_TrailRunning23\u252c\u00aeMonsorno-07105.jpg","datePublished":"2017-06-20T18:01:12+00:00","dateModified":"2024-07-17T05:04:41+00:00","description":"Allenamento in quota, campi sportivi a 2000 metri nelle dolomiti per atleti. Atletica leggera e triatlon. Diversi percorsi con lunghezze differenti.","breadcrumb":{"@id":"https:\/\/oclini.com\/it\/allenamento-in-quota-dolomiti\/#breadcrumb"},"inLanguage":"it-IT","potentialAction":[{"@type":"ReadAction","target":["https:\/\/oclini.com\/it\/allenamento-in-quota-dolomiti\/"]}]},{"@type":"ImageObject","inLanguage":"it-IT","@id":"https:\/\/oclini.com\/it\/allenamento-in-quota-dolomiti\/#primaryimage","url":"https:\/\/oclini.com\/wp-content\/uploads\/2017\/06\/Jochgrimm_TrailRunning23\u252c\u00aeMonsorno-07105.jpg","contentUrl":"https:\/\/oclini.com\/wp-content\/uploads\/2017\/06\/Jochgrimm_TrailRunning23\u252c\u00aeMonsorno-07105.jpg","width":1600,"height":1067},{"@type":"BreadcrumbList","@id":"https:\/\/oclini.com\/it\/allenamento-in-quota-dolomiti\/#breadcrumb","itemListElement":[{"@type":"ListItem","position":1,"name":"Startseite","item":"https:\/\/oclini.com\/it\/"},{"@type":"ListItem","position":2,"name":"Sommer &#8211; H\u00f6hentraining"}]},{"@type":"WebSite","@id":"https:\/\/oclini.com\/it\/#website","url":"https:\/\/oclini.com\/it\/","name":"jochgrimm.com","description":"","potentialAction":[{"@type":"SearchAction","target":{"@type":"EntryPoint","urlTemplate":"https:\/\/oclini.com\/it\/?s={search_term_string}"},"query-input":{"@type":"PropertyValueSpecification","valueRequired":true,"valueName":"search_term_string"}}],"inLanguage":"it-IT"}]}},"jetpack_sharing_enabled":true,"jetpack_shortlink":"https:\/\/wp.me\/P7CLxh-wI","_links":{"self":[{"href":"https:\/\/oclini.com\/it\/wp-json\/wp\/v2\/pages\/2028","targetHints":{"allow":["GET"]}}],"collection":[{"href":"https:\/\/oclini.com\/it\/wp-json\/wp\/v2\/pages"}],"about":[{"href":"https:\/\/oclini.com\/it\/wp-json\/wp\/v2\/types\/page"}],"author":[{"embeddable":true,"href":"https:\/\/oclini.com\/it\/wp-json\/wp\/v2\/users\/6"}],"replies":[{"embeddable":true,"href":"https:\/\/oclini.com\/it\/wp-json\/wp\/v2\/comments?post=2028"}],"version-history":[{"count":10,"href":"https:\/\/oclini.com\/it\/wp-json\/wp\/v2\/pages\/2028\/revisions"}],"predecessor-version":[{"id":3267,"href":"https:\/\/oclini.com\/it\/wp-json\/wp\/v2\/pages\/2028\/revisions\/3267"}],"wp:featuredmedia":[{"embeddable":true,"href":"https:\/\/oclini.com\/it\/wp-json\/wp\/v2\/media\/3133"}],"wp:attachment":[{"href":"https:\/\/oclini.com\/it\/wp-json\/wp\/v2\/media?parent=2028"}],"curies":[{"name":"wp","href":"https:\/\/api.w.org\/{rel}","templated":true}]}}