{"id":2021,"date":"2017-06-20T21:43:54","date_gmt":"2017-06-20T19:43:54","guid":{"rendered":"https:\/\/jochgrimm.com\/it\/dolomiten-unesco\/"},"modified":"2024-07-17T07:29:52","modified_gmt":"2024-07-17T05:29:52","slug":"dolomiti-unesco","status":"publish","type":"page","link":"https:\/\/oclini.com\/it\/dolomiti-unesco\/","title":{"rendered":"Sommer &#8211; Dolomiten"},"content":{"rendered":"<h4>Reinhold Messner: &#8220;Le montagne pi\u00f9 belle del mondo!&#8221;<\/h4>\n<p>Le dolomiti furono ufficialmente dichiarate nel 2009 Patrimonio Naturale dell\u2019Umanit\u00e0 UNESCO in virt\u00f9 della loro speciale bellezza e delle particolarit\u00e0 geologiche che offrono uno straordinario spaccato su milioni di anni di storia della Terra. In realt\u00e0 non servirebbe neppure una motivazione specifica. Chi sta al cospetto di questi imponenti massicci rocciosi, lo avverte subito. Anche senza tante parole.<\/p>\n<p>\u00c8 la dolomia, antica roccia calcarea, a conferire alle Dolomiti quel tipico aspetto chiaro che le fa descrivere come monti pallidi. Ma poco prima del tramonto, su quello sfondo naturale fatto di rocce, si anima uno straordinario gioco di colori. Gli ultimi raggi del sole tingono sulle pareti i toni del giallo, dell\u2019arancio e del rosso mescolandoli fra loro per lo stupore di chi osserva questo straordinario spettacolo.<br \/>\nQuelle formazioni rocciose tanto fantastiche quanto aspre e scoscese sono da sempre state terreno fertile per la nascita di miti e leggende.<\/p>\n","protected":false},"excerpt":{"rendered":"<p>Reinhold Messner: &#8220;Le montagne pi\u00f9 belle del mondo!&#8221; Le dolomiti furono ufficialmente dichiarate nel 2009 Patrimonio Naturale dell\u2019Umanit\u00e0 UNESCO in virt\u00f9 della loro speciale bellezza e delle particolarit\u00e0 geologiche che offrono uno straordinario spaccato su milioni di anni di storia della Terra. In realt\u00e0 non servirebbe neppure una motivazione specifica. Chi sta al cospetto di [&hellip;]<\/p>\n","protected":false},"author":6,"featured_media":1973,"parent":0,"menu_order":0,"comment_status":"closed","ping_status":"closed","template":"template-unterseiten.php","meta":{"_acf_changed":false,"jetpack_post_was_ever_published":false,"footnotes":""},"class_list":["post-2021","page","type-page","status-publish","has-post-thumbnail","hentry"],"acf":[],"yoast_head":"<!-- This site is optimized with the Yoast SEO plugin v26.5 - https:\/\/yoast.com\/wordpress\/plugins\/seo\/ -->\n<title>Dolomiti Patrimonio UNESCO - Oclini<\/title>\n<meta name=\"description\" content=\"Dolomiti Patrimonio UNESCO - Catinaccio, Latemar, GEOPARC Bletterbach, Sciliar, Lago di Carezza, Val d&#039;Ega, Val di Fiemme, Val di Fassa, Alpe di Siusi\" \/>\n<meta name=\"robots\" content=\"index, follow, max-snippet:-1, max-image-preview:large, max-video-preview:-1\" \/>\n<link rel=\"canonical\" href=\"https:\/\/oclini.com\/it\/dolomiti-unesco\/\" \/>\n<meta property=\"og:locale\" content=\"it_IT\" \/>\n<meta property=\"og:type\" content=\"article\" \/>\n<meta property=\"og:title\" content=\"Dolomiti Patrimonio UNESCO - Oclini\" \/>\n<meta property=\"og:description\" content=\"Dolomiti Patrimonio UNESCO - Catinaccio, Latemar, GEOPARC Bletterbach, Sciliar, Lago di Carezza, Val d&#039;Ega, Val di Fiemme, Val di Fassa, Alpe di Siusi\" \/>\n<meta property=\"og:url\" content=\"https:\/\/oclini.com\/it\/dolomiti-unesco\/\" \/>\n<meta property=\"og:site_name\" content=\"jochgrimm.com\" \/>\n<meta property=\"article:modified_time\" content=\"2024-07-17T05:29:52+00:00\" \/>\n<meta property=\"og:image\" content=\"https:\/\/oclini.com\/wp-content\/uploads\/2017\/06\/tofana.jpg\" \/>\n\t<meta property=\"og:image:width\" content=\"2080\" \/>\n\t<meta property=\"og:image:height\" content=\"1377\" \/>\n\t<meta property=\"og:image:type\" content=\"image\/jpeg\" \/>\n<meta name=\"twitter:card\" content=\"summary_large_image\" \/>\n<meta name=\"twitter:label1\" content=\"Tempo di lettura stimato\" \/>\n\t<meta name=\"twitter:data1\" content=\"1 minuto\" \/>\n<script type=\"application\/ld+json\" class=\"yoast-schema-graph\">{\"@context\":\"https:\/\/schema.org\",\"@graph\":[{\"@type\":\"WebPage\",\"@id\":\"https:\/\/oclini.com\/it\/dolomiti-unesco\/\",\"url\":\"https:\/\/oclini.com\/it\/dolomiti-unesco\/\",\"name\":\"Dolomiti Patrimonio UNESCO - Oclini\",\"isPartOf\":{\"@id\":\"https:\/\/oclini.com\/it\/#website\"},\"primaryImageOfPage\":{\"@id\":\"https:\/\/oclini.com\/it\/dolomiti-unesco\/#primaryimage\"},\"image\":{\"@id\":\"https:\/\/oclini.com\/it\/dolomiti-unesco\/#primaryimage\"},\"thumbnailUrl\":\"https:\/\/oclini.com\/wp-content\/uploads\/2017\/06\/tofana.jpg\",\"datePublished\":\"2017-06-20T19:43:54+00:00\",\"dateModified\":\"2024-07-17T05:29:52+00:00\",\"description\":\"Dolomiti Patrimonio UNESCO - Catinaccio, Latemar, GEOPARC Bletterbach, Sciliar, Lago di Carezza, Val d'Ega, Val di Fiemme, Val di Fassa, Alpe di Siusi\",\"breadcrumb\":{\"@id\":\"https:\/\/oclini.com\/it\/dolomiti-unesco\/#breadcrumb\"},\"inLanguage\":\"it-IT\",\"potentialAction\":[{\"@type\":\"ReadAction\",\"target\":[\"https:\/\/oclini.com\/it\/dolomiti-unesco\/\"]}]},{\"@type\":\"ImageObject\",\"inLanguage\":\"it-IT\",\"@id\":\"https:\/\/oclini.com\/it\/dolomiti-unesco\/#primaryimage\",\"url\":\"https:\/\/oclini.com\/wp-content\/uploads\/2017\/06\/tofana.jpg\",\"contentUrl\":\"https:\/\/oclini.com\/wp-content\/uploads\/2017\/06\/tofana.jpg\",\"width\":2080,\"height\":1377,\"caption\":\"Dolomiti\"},{\"@type\":\"BreadcrumbList\",\"@id\":\"https:\/\/oclini.com\/it\/dolomiti-unesco\/#breadcrumb\",\"itemListElement\":[{\"@type\":\"ListItem\",\"position\":1,\"name\":\"Startseite\",\"item\":\"https:\/\/oclini.com\/it\/\"},{\"@type\":\"ListItem\",\"position\":2,\"name\":\"Sommer &#8211; Dolomiten\"}]},{\"@type\":\"WebSite\",\"@id\":\"https:\/\/oclini.com\/it\/#website\",\"url\":\"https:\/\/oclini.com\/it\/\",\"name\":\"jochgrimm.com\",\"description\":\"\",\"potentialAction\":[{\"@type\":\"SearchAction\",\"target\":{\"@type\":\"EntryPoint\",\"urlTemplate\":\"https:\/\/oclini.com\/it\/?s={search_term_string}\"},\"query-input\":{\"@type\":\"PropertyValueSpecification\",\"valueRequired\":true,\"valueName\":\"search_term_string\"}}],\"inLanguage\":\"it-IT\"}]}<\/script>\n<!-- \/ Yoast SEO plugin. -->","yoast_head_json":{"title":"Dolomiti Patrimonio UNESCO - Oclini","description":"Dolomiti Patrimonio UNESCO - Catinaccio, Latemar, GEOPARC Bletterbach, Sciliar, Lago di Carezza, Val d'Ega, Val di Fiemme, Val di Fassa, Alpe di Siusi","robots":{"index":"index","follow":"follow","max-snippet":"max-snippet:-1","max-image-preview":"max-image-preview:large","max-video-preview":"max-video-preview:-1"},"canonical":"https:\/\/oclini.com\/it\/dolomiti-unesco\/","og_locale":"it_IT","og_type":"article","og_title":"Dolomiti Patrimonio UNESCO - Oclini","og_description":"Dolomiti Patrimonio UNESCO - Catinaccio, Latemar, GEOPARC Bletterbach, Sciliar, Lago di Carezza, Val d'Ega, Val di Fiemme, Val di Fassa, Alpe di Siusi","og_url":"https:\/\/oclini.com\/it\/dolomiti-unesco\/","og_site_name":"jochgrimm.com","article_modified_time":"2024-07-17T05:29:52+00:00","og_image":[{"width":2080,"height":1377,"url":"https:\/\/oclini.com\/wp-content\/uploads\/2017\/06\/tofana.jpg","type":"image\/jpeg"}],"twitter_card":"summary_large_image","twitter_misc":{"Tempo di lettura stimato":"1 minuto"},"schema":{"@context":"https:\/\/schema.org","@graph":[{"@type":"WebPage","@id":"https:\/\/oclini.com\/it\/dolomiti-unesco\/","url":"https:\/\/oclini.com\/it\/dolomiti-unesco\/","name":"Dolomiti Patrimonio UNESCO - Oclini","isPartOf":{"@id":"https:\/\/oclini.com\/it\/#website"},"primaryImageOfPage":{"@id":"https:\/\/oclini.com\/it\/dolomiti-unesco\/#primaryimage"},"image":{"@id":"https:\/\/oclini.com\/it\/dolomiti-unesco\/#primaryimage"},"thumbnailUrl":"https:\/\/oclini.com\/wp-content\/uploads\/2017\/06\/tofana.jpg","datePublished":"2017-06-20T19:43:54+00:00","dateModified":"2024-07-17T05:29:52+00:00","description":"Dolomiti Patrimonio UNESCO - Catinaccio, Latemar, GEOPARC Bletterbach, Sciliar, Lago di Carezza, Val d'Ega, Val di Fiemme, Val di Fassa, Alpe di Siusi","breadcrumb":{"@id":"https:\/\/oclini.com\/it\/dolomiti-unesco\/#breadcrumb"},"inLanguage":"it-IT","potentialAction":[{"@type":"ReadAction","target":["https:\/\/oclini.com\/it\/dolomiti-unesco\/"]}]},{"@type":"ImageObject","inLanguage":"it-IT","@id":"https:\/\/oclini.com\/it\/dolomiti-unesco\/#primaryimage","url":"https:\/\/oclini.com\/wp-content\/uploads\/2017\/06\/tofana.jpg","contentUrl":"https:\/\/oclini.com\/wp-content\/uploads\/2017\/06\/tofana.jpg","width":2080,"height":1377,"caption":"Dolomiti"},{"@type":"BreadcrumbList","@id":"https:\/\/oclini.com\/it\/dolomiti-unesco\/#breadcrumb","itemListElement":[{"@type":"ListItem","position":1,"name":"Startseite","item":"https:\/\/oclini.com\/it\/"},{"@type":"ListItem","position":2,"name":"Sommer &#8211; Dolomiten"}]},{"@type":"WebSite","@id":"https:\/\/oclini.com\/it\/#website","url":"https:\/\/oclini.com\/it\/","name":"jochgrimm.com","description":"","potentialAction":[{"@type":"SearchAction","target":{"@type":"EntryPoint","urlTemplate":"https:\/\/oclini.com\/it\/?s={search_term_string}"},"query-input":{"@type":"PropertyValueSpecification","valueRequired":true,"valueName":"search_term_string"}}],"inLanguage":"it-IT"}]}},"jetpack_sharing_enabled":true,"jetpack_shortlink":"https:\/\/wp.me\/P7CLxh-wB","_links":{"self":[{"href":"https:\/\/oclini.com\/it\/wp-json\/wp\/v2\/pages\/2021","targetHints":{"allow":["GET"]}}],"collection":[{"href":"https:\/\/oclini.com\/it\/wp-json\/wp\/v2\/pages"}],"about":[{"href":"https:\/\/oclini.com\/it\/wp-json\/wp\/v2\/types\/page"}],"author":[{"embeddable":true,"href":"https:\/\/oclini.com\/it\/wp-json\/wp\/v2\/users\/6"}],"replies":[{"embeddable":true,"href":"https:\/\/oclini.com\/it\/wp-json\/wp\/v2\/comments?post=2021"}],"version-history":[{"count":2,"href":"https:\/\/oclini.com\/it\/wp-json\/wp\/v2\/pages\/2021\/revisions"}],"predecessor-version":[{"id":2023,"href":"https:\/\/oclini.com\/it\/wp-json\/wp\/v2\/pages\/2021\/revisions\/2023"}],"wp:featuredmedia":[{"embeddable":true,"href":"https:\/\/oclini.com\/it\/wp-json\/wp\/v2\/media\/1973"}],"wp:attachment":[{"href":"https:\/\/oclini.com\/it\/wp-json\/wp\/v2\/media?parent=2021"}],"curies":[{"name":"wp","href":"https:\/\/api.w.org\/{rel}","templated":true}]}}